{"id":34,"date":"2021-05-01T10:53:00","date_gmt":"2021-05-01T08:53:00","guid":{"rendered":"http:\/\/comite06ffrs.fr\/?page_id=34"},"modified":"2021-05-12T17:52:04","modified_gmt":"2021-05-12T15:52:04","slug":"contact","status":"publish","type":"page","link":"http:\/\/comite06ffrs.fr\/?page_id=34","title":{"rendered":"Contact"},"content":{"rendered":"\t\t<div data-elementor-type=\"wp-page\" data-elementor-id=\"34\" class=\"elementor elementor-34\">\n\t\t\t\t\t\t<section class=\"elementor-section elementor-top-section elementor-element elementor-element-5da0e840 elementor-section-content-middle elementor-section-boxed elementor-section-height-default elementor-section-height-default\" data-id=\"5da0e840\" data-element_type=\"section\" data-settings=\"{&quot;background_background&quot;:&quot;classic&quot;}\">\n\t\t\t\t\t\t<div class=\"elementor-container elementor-column-gap-default\">\n\t\t\t\t\t<div class=\"elementor-column elementor-col-100 elementor-top-column elementor-element elementor-element-6c9878ac\" data-id=\"6c9878ac\" data-element_type=\"column\">\n\t\t\t<div class=\"elementor-widget-wrap elementor-element-populated\">\n\t\t\t\t\t\t<div class=\"elementor-element elementor-element-2b6a61f6 elementor-widget elementor-widget-text-editor\" data-id=\"2b6a61f6\" data-element_type=\"widget\" data-widget_type=\"text-editor.default\">\n\t\t\t\t<div class=\"elementor-widget-container\">\n\t\t\t\t\t\t\t<div class=\"flex-container-centered\">\n<div class=\"responsive-flex-header-container\"><img decoding=\"async\" src=\"http:\/\/comite06ffrs.fr\/wp-content\/uploads\/Logos\/LOGO-06_300x300.png\" alt=\"Logo Retraite Sportive\" \/>\n<div class=\"responsive-block-width-element\"><\/div>\n<div class=\"responsive-block-text-element\">\n<div class=\"block-text responsive-bs-h2-titre\">Contact<\/div>\n<\/div>\n<\/div>\n<\/div>\t\t\t\t\t\t<\/div>\n\t\t\t\t<\/div>\n\t\t\t\t\t<\/div>\n\t\t<\/div>\n\t\t\t\t\t<\/div>\n\t\t<\/section>\n\t\t\t\t<section class=\"elementor-section elementor-top-section elementor-element elementor-element-24e85d77 elementor-section-content-middle elementor-section-boxed elementor-section-height-default elementor-section-height-default\" data-id=\"24e85d77\" data-element_type=\"section\">\n\t\t\t\t\t\t<div class=\"elementor-container elementor-column-gap-default\">\n\t\t\t\t\t<div class=\"elementor-column elementor-col-100 elementor-top-column elementor-element elementor-element-48433a57\" data-id=\"48433a57\" data-element_type=\"column\">\n\t\t\t<div class=\"elementor-widget-wrap elementor-element-populated\">\n\t\t\t\t\t\t<div class=\"elementor-element elementor-element-c723a5 elementor-widget elementor-widget-text-editor\" data-id=\"c723a5\" data-element_type=\"widget\" data-widget_type=\"text-editor.default\">\n\t\t\t\t<div class=\"elementor-widget-container\">\n\t\t\t\t\t\t\t<h2 class=\"ca-h2-underline responsive-act-h2-titre\">\nCODERS06<\/h2>\n\t\t\t\t\t\t<\/div>\n\t\t\t\t<\/div>\n\t\t\t\t\t<\/div>\n\t\t<\/div>\n\t\t\t\t\t<\/div>\n\t\t<\/section>\n\t\t\t\t<section class=\"elementor-section elementor-top-section elementor-element elementor-element-293ee4a6 elementor-section-content-middle elementor-section-boxed elementor-section-height-default elementor-section-height-default\" data-id=\"293ee4a6\" data-element_type=\"section\">\n\t\t\t\t\t\t<div class=\"elementor-container elementor-column-gap-default\">\n\t\t\t\t\t<div class=\"elementor-column elementor-col-100 elementor-top-column elementor-element elementor-element-233c4978\" data-id=\"233c4978\" data-element_type=\"column\">\n\t\t\t<div class=\"elementor-widget-wrap elementor-element-populated\">\n\t\t\t\t\t\t<div class=\"elementor-element elementor-element-41f0b65 elementor-widget elementor-widget-text-editor\" data-id=\"41f0b65\" data-element_type=\"widget\" data-widget_type=\"text-editor.default\">\n\t\t\t\t<div class=\"elementor-widget-container\">\n\t\t\t\t\t\t\t<p style=\"text-align: center;font-weight:600; line-height: 20px;\">G\u00e9rard BERTRAND<\/p>\n<p style=\"text-align: center; font-weight:600; line-height: 20px;\"><a href=\"mailto:coders06000@gmail.com\">coders06000@gmail.com<\/a><\/p>\n<p style=\"text-align: center; font-weight:600; line-height: 10px;\">06 21 85 29 55<\/p>\n\t\t\t\t\t\t<\/div>\n\t\t\t\t<\/div>\n\t\t\t\t\t<\/div>\n\t\t<\/div>\n\t\t\t\t\t<\/div>\n\t\t<\/section>\n\t\t\t\t<section class=\"elementor-section elementor-top-section elementor-element elementor-element-77835187 elementor-section-content-middle elementor-section-boxed elementor-section-height-default elementor-section-height-default\" data-id=\"77835187\" data-element_type=\"section\">\n\t\t\t\t\t\t<div class=\"elementor-container elementor-column-gap-default\">\n\t\t\t\t\t<div class=\"elementor-column elementor-col-100 elementor-top-column elementor-element elementor-element-68d6971b\" data-id=\"68d6971b\" data-element_type=\"column\">\n\t\t\t<div class=\"elementor-widget-wrap elementor-element-populated\">\n\t\t\t\t\t\t<div class=\"elementor-element elementor-element-fbb55b9 elementor-widget elementor-widget-heading\" data-id=\"fbb55b9\" data-element_type=\"widget\" data-widget_type=\"heading.default\">\n\t\t\t\t<div class=\"elementor-widget-container\">\n\t\t\t<h2 class=\"elementor-heading-title elementor-size-default\"><h2 class=\"ca-h2-underline responsive-act-h2-titre\">\nRestez inform\u00e9s<\/h2>\n<\/h2>\t\t<\/div>\n\t\t\t\t<\/div>\n\t\t\t\t\t<\/div>\n\t\t<\/div>\n\t\t\t\t\t<\/div>\n\t\t<\/section>\n\t\t\t\t<section class=\"elementor-section elementor-top-section elementor-element elementor-element-f595159 elementor-section-boxed elementor-section-height-default elementor-section-height-default\" data-id=\"f595159\" data-element_type=\"section\" data-settings=\"{&quot;background_background&quot;:&quot;classic&quot;}\">\n\t\t\t\t\t\t<div class=\"elementor-container elementor-column-gap-default\">\n\t\t\t\t\t<div class=\"elementor-column elementor-col-100 elementor-top-column elementor-element elementor-element-b1178ee\" data-id=\"b1178ee\" data-element_type=\"column\">\n\t\t\t<div class=\"elementor-widget-wrap elementor-element-populated\">\n\t\t\t\t\t\t<div class=\"elementor-element elementor-element-9dbc565 elementor-widget elementor-widget-shortcode\" data-id=\"9dbc565\" data-element_type=\"widget\" data-widget_type=\"shortcode.default\">\n\t\t\t\t<div class=\"elementor-widget-container\">\n\t\t\t\t\t<div class=\"elementor-shortcode\"><div class=\"wpforms-container wpforms-container-full\" id=\"wpforms-1278\"><form id=\"wpforms-form-1278\" class=\"wpforms-validate wpforms-form\" data-formid=\"1278\" method=\"post\" enctype=\"multipart\/form-data\" action=\"\/index.php?rest_route=%2Fwp%2Fv2%2Fpages%2F34\" data-token=\"072d07dbcee7e52aab2461e333a5ecb6\" data-token-time=\"1776420730\"><noscript class=\"wpforms-error-noscript\">Veuillez activer JavaScript dans votre navigateur pour remplir ce formulaire.<\/noscript><div class=\"wpforms-field-container\"><div id=\"wpforms-1278-field_0-container\" class=\"wpforms-field wpforms-field-name\" data-field-id=\"0\"><label class=\"wpforms-field-label\" for=\"wpforms-1278-field_0\">Nom <span class=\"wpforms-required-label\">*<\/span><\/label><div class=\"wpforms-field-row wpforms-field-medium\"><div class=\"wpforms-field-row-block wpforms-first wpforms-one-half\"><input type=\"text\" id=\"wpforms-1278-field_0\" class=\"wpforms-field-name-first wpforms-field-required\" name=\"wpforms[fields][0][first]\" required><label for=\"wpforms-1278-field_0\" class=\"wpforms-field-sublabel after\">Pr\u00e9nom<\/label><\/div><div class=\"wpforms-field-row-block wpforms-one-half\"><input type=\"text\" id=\"wpforms-1278-field_0-last\" class=\"wpforms-field-name-last wpforms-field-required\" name=\"wpforms[fields][0][last]\" required><label for=\"wpforms-1278-field_0-last\" class=\"wpforms-field-sublabel after\">Nom<\/label><\/div><\/div><\/div><div id=\"wpforms-1278-field_1-container\" class=\"wpforms-field wpforms-field-email\" data-field-id=\"1\"><label class=\"wpforms-field-label\" for=\"wpforms-1278-field_1\">E-mail <span class=\"wpforms-required-label\">*<\/span><\/label><input type=\"email\" id=\"wpforms-1278-field_1\" class=\"wpforms-field-medium wpforms-field-required\" name=\"wpforms[fields][1]\" spellcheck=\"false\" required><\/div><div id=\"wpforms-1278-field_2-container\" class=\"wpforms-field wpforms-field-textarea\" data-field-id=\"2\"><label class=\"wpforms-field-label\" for=\"wpforms-1278-field_2\">Enregistrez vous pour recevoir les nouvelles informations<\/label><textarea id=\"wpforms-1278-field_2\" class=\"wpforms-field-medium\" name=\"wpforms[fields][2]\" ><\/textarea><\/div><\/div><!-- .wpforms-field-container --><div class=\"wpforms-submit-container\" ><input type=\"hidden\" name=\"wpforms[id]\" value=\"1278\"><input type=\"hidden\" name=\"page_title\" value=\"\"><input type=\"hidden\" name=\"page_url\" value=\"http:\/\/comite06ffrs.fr\/index.php?rest_route=%2Fwp%2Fv2%2Fpages%2F34\"><button type=\"submit\" name=\"wpforms[submit]\" id=\"wpforms-submit-1278\" class=\"wpforms-submit\" data-alt-text=\"Envoi...\" data-submit-text=\"Envoyer\" aria-live=\"assertive\" value=\"wpforms-submit\">Envoyer<\/button><\/div><\/form><\/div>  <!-- .wpforms-container --><\/div>\n\t\t\t\t<\/div>\n\t\t\t\t<\/div>\n\t\t\t\t\t<\/div>\n\t\t<\/div>\n\t\t\t\t\t<\/div>\n\t\t<\/section>\n\t\t\t\t<\/div>\n\t\t","protected":false},"excerpt":{"rendered":"<p>Contact CODERS06 G\u00e9rard BERTRAND coders06000@gmail.com 06 21 85 29 55 Restez inform\u00e9s<\/p>\n","protected":false},"author":1,"featured_media":0,"parent":0,"menu_order":0,"comment_status":"closed","ping_status":"closed","template":"","meta":{"ocean_post_layout":"","ocean_both_sidebars_style":"","ocean_both_sidebars_content_width":0,"ocean_both_sidebars_sidebars_width":0,"ocean_sidebar":"0","ocean_second_sidebar":"0","ocean_disable_margins":"enable","ocean_add_body_class":"","ocean_shortcode_before_top_bar":"","ocean_shortcode_after_top_bar":"","ocean_shortcode_before_header":"","ocean_shortcode_after_header":"","ocean_has_shortcode":"","ocean_shortcode_after_title":"","ocean_shortcode_before_footer_widgets":"","ocean_shortcode_after_footer_widgets":"","ocean_shortcode_before_footer_bottom":"","ocean_shortcode_after_footer_bottom":"","ocean_display_top_bar":"default","ocean_display_header":"default","ocean_header_style":"","ocean_center_header_left_menu":"0","ocean_custom_header_template":"0","ocean_custom_logo":0,"ocean_custom_retina_logo":0,"ocean_custom_logo_max_width":0,"ocean_custom_logo_tablet_max_width":0,"ocean_custom_logo_mobile_max_width":0,"ocean_custom_logo_max_height":0,"ocean_custom_logo_tablet_max_height":0,"ocean_custom_logo_mobile_max_height":0,"ocean_header_custom_menu":"0","ocean_menu_typo_font_family":"0","ocean_menu_typo_font_subset":"","ocean_menu_typo_font_size":0,"ocean_menu_typo_font_size_tablet":0,"ocean_menu_typo_font_size_mobile":0,"ocean_menu_typo_font_size_unit":"px","ocean_menu_typo_font_weight":"","ocean_menu_typo_font_weight_tablet":"","ocean_menu_typo_font_weight_mobile":"","ocean_menu_typo_transform":"","ocean_menu_typo_transform_tablet":"","ocean_menu_typo_transform_mobile":"","ocean_menu_typo_line_height":0,"ocean_menu_typo_line_height_tablet":0,"ocean_menu_typo_line_height_mobile":0,"ocean_menu_typo_line_height_unit":"","ocean_menu_typo_spacing":0,"ocean_menu_typo_spacing_tablet":0,"ocean_menu_typo_spacing_mobile":0,"ocean_menu_typo_spacing_unit":"","ocean_menu_link_color":"","ocean_menu_link_color_hover":"","ocean_menu_link_color_active":"","ocean_menu_link_background":"","ocean_menu_link_hover_background":"","ocean_menu_link_active_background":"","ocean_menu_social_links_bg":"","ocean_menu_social_hover_links_bg":"","ocean_menu_social_links_color":"","ocean_menu_social_hover_links_color":"","ocean_disable_title":"default","ocean_disable_heading":"default","ocean_post_title":"","ocean_post_subheading":"","ocean_post_title_style":"","ocean_post_title_background_color":"","ocean_post_title_background":0,"ocean_post_title_bg_image_position":"","ocean_post_title_bg_image_attachment":"","ocean_post_title_bg_image_repeat":"","ocean_post_title_bg_image_size":"","ocean_post_title_height":0,"ocean_post_title_bg_overlay":0.5,"ocean_post_title_bg_overlay_color":"","ocean_disable_breadcrumbs":"default","ocean_breadcrumbs_color":"","ocean_breadcrumbs_separator_color":"","ocean_breadcrumbs_links_color":"","ocean_breadcrumbs_links_hover_color":"","ocean_display_footer_widgets":"default","ocean_display_footer_bottom":"default","ocean_custom_footer_template":"0","footnotes":""},"class_list":["post-34","page","type-page","status-publish","hentry","entry"],"yoast_head":"<!-- This site is optimized with the Yoast SEO plugin v23.3 - https:\/\/yoast.com\/wordpress\/plugins\/seo\/ -->\n<title>Contact - Comit\u00e9 06 de la FFRS<\/title>\n<meta name=\"robots\" content=\"noindex, follow, max-snippet:-1, max-image-preview:large, max-video-preview:-1\" \/>\n<meta property=\"og:locale\" content=\"fr_FR\" \/>\n<meta property=\"og:type\" content=\"article\" \/>\n<meta property=\"og:title\" content=\"Contact - Comit\u00e9 06 de la FFRS\" \/>\n<meta property=\"og:description\" content=\"Contact CODERS06 G\u00e9rard BERTRAND coders06000@gmail.com 06 21 85 29 55 Restez inform\u00e9s\" \/>\n<meta property=\"og:url\" content=\"http:\/\/comite06ffrs.fr\/?page_id=34\" \/>\n<meta property=\"og:site_name\" content=\"Comit\u00e9 06 de la FFRS\" \/>\n<meta property=\"article:modified_time\" content=\"2021-05-12T15:52:04+00:00\" \/>\n<meta property=\"og:image\" content=\"http:\/\/comite06ffrs.fr\/wp-content\/uploads\/Logos\/LOGO-06_300x300.png\" \/>\n<meta name=\"twitter:card\" content=\"summary_large_image\" \/>\n<meta name=\"twitter:label1\" content=\"Dur\u00e9e de lecture estim\u00e9e\" \/>\n\t<meta name=\"twitter:data1\" content=\"1 minute\" \/>\n<script type=\"application\/ld+json\" class=\"yoast-schema-graph\">{\"@context\":\"https:\/\/schema.org\",\"@graph\":[{\"@type\":\"WebPage\",\"@id\":\"http:\/\/comite06ffrs.fr\/?page_id=34\",\"url\":\"http:\/\/comite06ffrs.fr\/?page_id=34\",\"name\":\"Contact - Comit\u00e9 06 de la FFRS\",\"isPartOf\":{\"@id\":\"http:\/\/comite06ffrs.fr\/#website\"},\"primaryImageOfPage\":{\"@id\":\"http:\/\/comite06ffrs.fr\/?page_id=34#primaryimage\"},\"image\":{\"@id\":\"http:\/\/comite06ffrs.fr\/?page_id=34#primaryimage\"},\"thumbnailUrl\":\"http:\/\/comite06ffrs.fr\/wp-content\/uploads\/Logos\/LOGO-06_300x300.png\",\"datePublished\":\"2021-05-01T08:53:00+00:00\",\"dateModified\":\"2021-05-12T15:52:04+00:00\",\"breadcrumb\":{\"@id\":\"http:\/\/comite06ffrs.fr\/?page_id=34#breadcrumb\"},\"inLanguage\":\"fr-FR\",\"potentialAction\":[{\"@type\":\"ReadAction\",\"target\":[\"http:\/\/comite06ffrs.fr\/?page_id=34\"]}]},{\"@type\":\"ImageObject\",\"inLanguage\":\"fr-FR\",\"@id\":\"http:\/\/comite06ffrs.fr\/?page_id=34#primaryimage\",\"url\":\"http:\/\/comite06ffrs.fr\/wp-content\/uploads\/Logos\/LOGO-06_300x300.png\",\"contentUrl\":\"http:\/\/comite06ffrs.fr\/wp-content\/uploads\/Logos\/LOGO-06_300x300.png\",\"width\":300,\"height\":300,\"caption\":\"Logo Retraite Sportive\"},{\"@type\":\"BreadcrumbList\",\"@id\":\"http:\/\/comite06ffrs.fr\/?page_id=34#breadcrumb\",\"itemListElement\":[{\"@type\":\"ListItem\",\"position\":1,\"name\":\"Accueil\",\"item\":\"http:\/\/comite06ffrs.fr\/\"},{\"@type\":\"ListItem\",\"position\":2,\"name\":\"Contact\"}]},{\"@type\":\"WebSite\",\"@id\":\"http:\/\/comite06ffrs.fr\/#website\",\"url\":\"http:\/\/comite06ffrs.fr\/\",\"name\":\"Comit\u00e9 06 de la FFRS\",\"description\":\"Le sport, la sant\u00e9 des Seniors\",\"potentialAction\":[{\"@type\":\"SearchAction\",\"target\":{\"@type\":\"EntryPoint\",\"urlTemplate\":\"http:\/\/comite06ffrs.fr\/?s={search_term_string}\"},\"query-input\":\"required name=search_term_string\"}],\"inLanguage\":\"fr-FR\"}]}<\/script>\n<!-- \/ Yoast SEO plugin. -->","yoast_head_json":{"title":"Contact - Comit\u00e9 06 de la FFRS","robots":{"index":"noindex","follow":"follow","max-snippet":"max-snippet:-1","max-image-preview":"max-image-preview:large","max-video-preview":"max-video-preview:-1"},"og_locale":"fr_FR","og_type":"article","og_title":"Contact - Comit\u00e9 06 de la FFRS","og_description":"Contact CODERS06 G\u00e9rard BERTRAND coders06000@gmail.com 06 21 85 29 55 Restez inform\u00e9s","og_url":"http:\/\/comite06ffrs.fr\/?page_id=34","og_site_name":"Comit\u00e9 06 de la FFRS","article_modified_time":"2021-05-12T15:52:04+00:00","og_image":[{"url":"http:\/\/comite06ffrs.fr\/wp-content\/uploads\/Logos\/LOGO-06_300x300.png"}],"twitter_card":"summary_large_image","twitter_misc":{"Dur\u00e9e de lecture estim\u00e9e":"1 minute"},"schema":{"@context":"https:\/\/schema.org","@graph":[{"@type":"WebPage","@id":"http:\/\/comite06ffrs.fr\/?page_id=34","url":"http:\/\/comite06ffrs.fr\/?page_id=34","name":"Contact - Comit\u00e9 06 de la FFRS","isPartOf":{"@id":"http:\/\/comite06ffrs.fr\/#website"},"primaryImageOfPage":{"@id":"http:\/\/comite06ffrs.fr\/?page_id=34#primaryimage"},"image":{"@id":"http:\/\/comite06ffrs.fr\/?page_id=34#primaryimage"},"thumbnailUrl":"http:\/\/comite06ffrs.fr\/wp-content\/uploads\/Logos\/LOGO-06_300x300.png","datePublished":"2021-05-01T08:53:00+00:00","dateModified":"2021-05-12T15:52:04+00:00","breadcrumb":{"@id":"http:\/\/comite06ffrs.fr\/?page_id=34#breadcrumb"},"inLanguage":"fr-FR","potentialAction":[{"@type":"ReadAction","target":["http:\/\/comite06ffrs.fr\/?page_id=34"]}]},{"@type":"ImageObject","inLanguage":"fr-FR","@id":"http:\/\/comite06ffrs.fr\/?page_id=34#primaryimage","url":"http:\/\/comite06ffrs.fr\/wp-content\/uploads\/Logos\/LOGO-06_300x300.png","contentUrl":"http:\/\/comite06ffrs.fr\/wp-content\/uploads\/Logos\/LOGO-06_300x300.png","width":300,"height":300,"caption":"Logo Retraite Sportive"},{"@type":"BreadcrumbList","@id":"http:\/\/comite06ffrs.fr\/?page_id=34#breadcrumb","itemListElement":[{"@type":"ListItem","position":1,"name":"Accueil","item":"http:\/\/comite06ffrs.fr\/"},{"@type":"ListItem","position":2,"name":"Contact"}]},{"@type":"WebSite","@id":"http:\/\/comite06ffrs.fr\/#website","url":"http:\/\/comite06ffrs.fr\/","name":"Comit\u00e9 06 de la FFRS","description":"Le sport, la sant\u00e9 des Seniors","potentialAction":[{"@type":"SearchAction","target":{"@type":"EntryPoint","urlTemplate":"http:\/\/comite06ffrs.fr\/?s={search_term_string}"},"query-input":"required name=search_term_string"}],"inLanguage":"fr-FR"}]}},"_links":{"self":[{"href":"http:\/\/comite06ffrs.fr\/index.php?rest_route=\/wp\/v2\/pages\/34","targetHints":{"allow":["GET"]}}],"collection":[{"href":"http:\/\/comite06ffrs.fr\/index.php?rest_route=\/wp\/v2\/pages"}],"about":[{"href":"http:\/\/comite06ffrs.fr\/index.php?rest_route=\/wp\/v2\/types\/page"}],"author":[{"embeddable":true,"href":"http:\/\/comite06ffrs.fr\/index.php?rest_route=\/wp\/v2\/users\/1"}],"replies":[{"embeddable":true,"href":"http:\/\/comite06ffrs.fr\/index.php?rest_route=%2Fwp%2Fv2%2Fcomments&post=34"}],"version-history":[{"count":16,"href":"http:\/\/comite06ffrs.fr\/index.php?rest_route=\/wp\/v2\/pages\/34\/revisions"}],"predecessor-version":[{"id":1282,"href":"http:\/\/comite06ffrs.fr\/index.php?rest_route=\/wp\/v2\/pages\/34\/revisions\/1282"}],"wp:attachment":[{"href":"http:\/\/comite06ffrs.fr\/index.php?rest_route=%2Fwp%2Fv2%2Fmedia&parent=34"}],"curies":[{"name":"wp","href":"https:\/\/api.w.org\/{rel}","templated":true}]}}