{"id":46,"date":"2021-05-01T10:56:00","date_gmt":"2021-05-01T08:56:00","guid":{"rendered":"http:\/\/comite06ffrs.fr\/?page_id=46"},"modified":"2024-08-26T10:56:51","modified_gmt":"2024-08-26T08:56:51","slug":"memoire","status":"publish","type":"page","link":"http:\/\/comite06ffrs.fr\/?page_id=46","title":{"rendered":"M\u00e9moire"},"content":{"rendered":"\t\t<div data-elementor-type=\"wp-page\" data-elementor-id=\"46\" class=\"elementor elementor-46\">\n\t\t\t\t\t\t<section class=\"elementor-section elementor-top-section elementor-element elementor-element-9e182f4 elementor-section-content-middle elementor-section-boxed elementor-section-height-default elementor-section-height-default\" data-id=\"9e182f4\" data-element_type=\"section\" data-settings=\"{&quot;background_background&quot;:&quot;classic&quot;}\">\n\t\t\t\t\t\t<div class=\"elementor-container elementor-column-gap-default\">\n\t\t\t\t\t<div class=\"elementor-column elementor-col-100 elementor-top-column elementor-element elementor-element-6eefd45\" data-id=\"6eefd45\" data-element_type=\"column\">\n\t\t\t<div class=\"elementor-widget-wrap elementor-element-populated\">\n\t\t\t\t\t\t<div class=\"elementor-element elementor-element-69f7b3ae elementor-widget elementor-widget-text-editor\" data-id=\"69f7b3ae\" data-element_type=\"widget\" data-widget_type=\"text-editor.default\">\n\t\t\t\t<div class=\"elementor-widget-container\">\n\t\t\t\t\t\t\t<div class=\"flex-container-centered\">\n<div class=\"responsive-flex-header-container\"><img decoding=\"async\" src=\"http:\/\/comite06ffrs.fr\/wp-content\/uploads\/Logos\/LOGO-06_300x300.png\" alt=\"Logo Retraite Sportive\" \/>\n<div class=\"responsive-block-width-element\"><\/div>\n<div class=\"responsive-block-text-element\">\n<div class=\"block-text responsive-bs-h2-titre\">Activ&rsquo;M\u00e9moire<\/div>\n<\/div>\n<\/div>\n<\/div>\t\t\t\t\t\t<\/div>\n\t\t\t\t<\/div>\n\t\t\t\t\t<\/div>\n\t\t<\/div>\n\t\t\t\t\t<\/div>\n\t\t<\/section>\n\t\t\t\t<section class=\"elementor-section elementor-top-section elementor-element elementor-element-477f1e68 elementor-section-content-middle elementor-section-boxed elementor-section-height-default elementor-section-height-default\" data-id=\"477f1e68\" data-element_type=\"section\" data-settings=\"{&quot;background_background&quot;:&quot;classic&quot;}\">\n\t\t\t\t\t\t<div class=\"elementor-container elementor-column-gap-default\">\n\t\t\t\t\t<div class=\"elementor-column elementor-col-50 elementor-top-column elementor-element elementor-element-6c1c1f6c\" data-id=\"6c1c1f6c\" data-element_type=\"column\">\n\t\t\t<div class=\"elementor-widget-wrap elementor-element-populated\">\n\t\t\t\t\t\t<div class=\"elementor-element elementor-element-a68d584 elementor-widget elementor-widget-image\" data-id=\"a68d584\" data-element_type=\"widget\" data-widget_type=\"image.default\">\n\t\t\t\t<div class=\"elementor-widget-container\">\n\t\t\t\t\t\t\t\t\t\t\t\t\t<img fetchpriority=\"high\" decoding=\"async\" width=\"300\" height=\"300\" src=\"http:\/\/comite06ffrs.fr\/wp-content\/uploads\/pictos\/picto_activMem-300x300.png\" class=\"attachment-medium size-medium wp-image-377\" alt=\"pictogramme Activ&#039;M\u00e9moire\" srcset=\"http:\/\/comite06ffrs.fr\/wp-content\/uploads\/pictos\/picto_activMem.png 300w, http:\/\/comite06ffrs.fr\/wp-content\/uploads\/pictos\/picto_activMem-150x150.png 150w\" sizes=\"(max-width: 300px) 100vw, 300px\" \/>\t\t\t\t\t\t\t\t\t\t\t\t\t<\/div>\n\t\t\t\t<\/div>\n\t\t\t\t\t<\/div>\n\t\t<\/div>\n\t\t\t\t<div class=\"elementor-column elementor-col-50 elementor-top-column elementor-element elementor-element-f098960\" data-id=\"f098960\" data-element_type=\"column\">\n\t\t\t<div class=\"elementor-widget-wrap elementor-element-populated\">\n\t\t\t\t\t\t<div class=\"elementor-element elementor-element-542c03e9 elementor-widget elementor-widget-text-editor\" data-id=\"542c03e9\" data-element_type=\"widget\" data-widget_type=\"text-editor.default\">\n\t\t\t\t<div class=\"elementor-widget-container\">\n\t\t\t\t\t\t\t<div class=\"responsive-act-para\">\nL\u2019Activ\u2019m\u00e9moire est compos\u00e9 d\u2019exercices \u00e0 la fois r\u00e9flexifs et physiques, vari\u00e9s et ludiques.<br>\nIls sont r\u00e9alis\u00e9s individuellement ou collectivement, et permettent de stimuler les fonctions cognitives de chacun ; l\u2019activit\u00e9 permet \u00e9galement de cr\u00e9er des situations de partage et d\u2019\u00e9changes entre les participants.<br>\nLes s\u00e9ances d\u2019une dur\u00e9e moyenne d\u2019une heure, sont accessibles \u00e0 tous et peuvent se d\u00e9rouler en salle ou en ext\u00e9rieur.\n<\/div>\n\t\t\t\t\t\t<\/div>\n\t\t\t\t<\/div>\n\t\t\t\t\t<\/div>\n\t\t<\/div>\n\t\t\t\t\t<\/div>\n\t\t<\/section>\n\t\t\t\t<section class=\"elementor-section elementor-top-section elementor-element elementor-element-fc06b42 elementor-section-content-middle elementor-section-boxed elementor-section-height-default elementor-section-height-default\" data-id=\"fc06b42\" data-element_type=\"section\">\n\t\t\t\t\t\t<div class=\"elementor-container elementor-column-gap-default\">\n\t\t\t\t\t<div class=\"elementor-column elementor-col-100 elementor-top-column elementor-element elementor-element-14581c42\" data-id=\"14581c42\" data-element_type=\"column\">\n\t\t\t<div class=\"elementor-widget-wrap elementor-element-populated\">\n\t\t\t\t\t\t<div class=\"elementor-element elementor-element-5a44b9d5 elementor-widget elementor-widget-text-editor\" data-id=\"5a44b9d5\" data-element_type=\"widget\" data-widget_type=\"text-editor.default\">\n\t\t\t\t<div class=\"elementor-widget-container\">\n\t\t\t\t\t\t\t<h2 class=\"ca-h2-underline responsive-act-h2-titre\">L&rsquo;\u00e9quipement<\/h2>\t\t\t\t\t\t<\/div>\n\t\t\t\t<\/div>\n\t\t\t\t\t<\/div>\n\t\t<\/div>\n\t\t\t\t\t<\/div>\n\t\t<\/section>\n\t\t\t\t<section class=\"elementor-section elementor-top-section elementor-element elementor-element-15e6c774 elementor-section-content-middle elementor-section-boxed elementor-section-height-default elementor-section-height-default\" data-id=\"15e6c774\" data-element_type=\"section\">\n\t\t\t\t\t\t<div class=\"elementor-container elementor-column-gap-default\">\n\t\t\t\t\t<div class=\"elementor-column elementor-col-100 elementor-top-column elementor-element elementor-element-4b31f9ed\" data-id=\"4b31f9ed\" data-element_type=\"column\">\n\t\t\t<div class=\"elementor-widget-wrap elementor-element-populated\">\n\t\t\t\t\t\t<div class=\"elementor-element elementor-element-5457e93 elementor-icon-list--layout-traditional elementor-list-item-link-full_width elementor-widget elementor-widget-icon-list\" data-id=\"5457e93\" data-element_type=\"widget\" data-widget_type=\"icon-list.default\">\n\t\t\t\t<div class=\"elementor-widget-container\">\n\t\t\t\t\t<ul class=\"elementor-icon-list-items\">\n\t\t\t\t\t\t\t<li class=\"elementor-icon-list-item\">\n\t\t\t\t\t\t\t\t\t\t\t<span class=\"elementor-icon-list-icon\">\n\t\t\t\t\t\t\t<i aria-hidden=\"true\" class=\"fas fa-circle\"><\/i>\t\t\t\t\t\t<\/span>\n\t\t\t\t\t\t\t\t\t\t<span class=\"elementor-icon-list-text\">une tenue d\u00e9contract\u00e9e \u00e0 adapter \u00e0 une s\u00e9ance en salle ou en ext\u00e9rieur<\/span>\n\t\t\t\t\t\t\t\t\t<\/li>\n\t\t\t\t\t\t<\/ul>\n\t\t\t\t<\/div>\n\t\t\t\t<\/div>\n\t\t\t\t\t<\/div>\n\t\t<\/div>\n\t\t\t\t\t<\/div>\n\t\t<\/section>\n\t\t\t\t<section class=\"elementor-section elementor-top-section elementor-element elementor-element-2a3a2c2d elementor-section-content-middle elementor-section-boxed elementor-section-height-default elementor-section-height-default\" data-id=\"2a3a2c2d\" data-element_type=\"section\">\n\t\t\t\t\t\t<div class=\"elementor-container elementor-column-gap-default\">\n\t\t\t\t\t<div class=\"elementor-column elementor-col-100 elementor-top-column elementor-element elementor-element-63c878f\" data-id=\"63c878f\" data-element_type=\"column\">\n\t\t\t<div class=\"elementor-widget-wrap elementor-element-populated\">\n\t\t\t\t\t\t<section class=\"elementor-section elementor-inner-section elementor-element elementor-element-4141485 elementor-section-content-middle elementor-section-boxed elementor-section-height-default elementor-section-height-default\" data-id=\"4141485\" data-element_type=\"section\">\n\t\t\t\t\t\t<div class=\"elementor-container elementor-column-gap-default\">\n\t\t\t\t\t<div class=\"elementor-column elementor-col-50 elementor-inner-column elementor-element elementor-element-64db205d\" data-id=\"64db205d\" data-element_type=\"column\">\n\t\t\t<div class=\"elementor-widget-wrap elementor-element-populated\">\n\t\t\t\t\t\t<div class=\"elementor-element elementor-element-1430a361 elementor-widget elementor-widget-image\" data-id=\"1430a361\" data-element_type=\"widget\" data-widget_type=\"image.default\">\n\t\t\t\t<div class=\"elementor-widget-container\">\n\t\t\t\t\t\t\t\t\t\t\t\t\t<img decoding=\"async\" width=\"1536\" height=\"2048\" src=\"http:\/\/comite06ffrs.fr\/wp-content\/uploads\/2024\/08\/activ-mem.jpg\" class=\"attachment-full size-full wp-image-2177\" alt=\"Activ&#039;M\u00e9moire\" srcset=\"http:\/\/comite06ffrs.fr\/wp-content\/uploads\/2024\/08\/activ-mem.jpg 1536w, http:\/\/comite06ffrs.fr\/wp-content\/uploads\/2024\/08\/activ-mem-225x300.jpg 225w, http:\/\/comite06ffrs.fr\/wp-content\/uploads\/2024\/08\/activ-mem-768x1024.jpg 768w, http:\/\/comite06ffrs.fr\/wp-content\/uploads\/2024\/08\/activ-mem-1152x1536.jpg 1152w\" sizes=\"(max-width: 1536px) 100vw, 1536px\" \/>\t\t\t\t\t\t\t\t\t\t\t\t\t<\/div>\n\t\t\t\t<\/div>\n\t\t\t\t\t<\/div>\n\t\t<\/div>\n\t\t\t\t<div class=\"elementor-column elementor-col-50 elementor-inner-column elementor-element elementor-element-70f47174\" data-id=\"70f47174\" data-element_type=\"column\">\n\t\t\t<div class=\"elementor-widget-wrap elementor-element-populated\">\n\t\t\t\t\t\t<div class=\"elementor-element elementor-element-7f15c16a elementor-widget elementor-widget-heading\" data-id=\"7f15c16a\" data-element_type=\"widget\" data-widget_type=\"heading.default\">\n\t\t\t\t<div class=\"elementor-widget-container\">\n\t\t\t<h2 class=\"elementor-heading-title elementor-size-default\"><h2 class=\"ca-h2-underline  responsive-act-h2-titre\">Les bienfaits de l\u2019Activ\u2019m\u00e9moire<\/h2><\/h2>\t\t<\/div>\n\t\t\t\t<\/div>\n\t\t\t\t<div class=\"elementor-element elementor-element-73e43a25 elementor-widget elementor-widget-text-editor\" data-id=\"73e43a25\" data-element_type=\"widget\" data-widget_type=\"text-editor.default\">\n\t\t\t\t<div class=\"elementor-widget-container\">\n\t\t\t\t\t\t\t<div class=\"responsive-act-para\">\nLa pratique r\u00e9guli\u00e8re de cette activit\u00e9 permettra de maintenir votre esprit en \u00e9veil, d\u2019am\u00e9liorer vos capacit\u00e9s de m\u00e9morisation, de concentration et de logique tout en conservant une bonne forme physique.\n<\/div>\n\t\t\t\t\t\t<\/div>\n\t\t\t\t<\/div>\n\t\t\t\t\t<\/div>\n\t\t<\/div>\n\t\t\t\t\t<\/div>\n\t\t<\/section>\n\t\t\t\t\t<\/div>\n\t\t<\/div>\n\t\t\t\t\t<\/div>\n\t\t<\/section>\n\t\t\t\t<section class=\"elementor-section elementor-top-section elementor-element elementor-element-7c3a76af elementor-section-content-middle elementor-section-boxed elementor-section-height-default elementor-section-height-default\" data-id=\"7c3a76af\" data-element_type=\"section\">\n\t\t\t\t\t\t<div class=\"elementor-container elementor-column-gap-default\">\n\t\t\t\t\t<div class=\"elementor-column elementor-col-100 elementor-top-column elementor-element elementor-element-4ec6122a\" data-id=\"4ec6122a\" data-element_type=\"column\">\n\t\t\t<div class=\"elementor-widget-wrap elementor-element-populated\">\n\t\t\t\t\t\t<div class=\"elementor-element elementor-element-6ac689b5 elementor-widget elementor-widget-heading\" data-id=\"6ac689b5\" data-element_type=\"widget\" data-widget_type=\"heading.default\">\n\t\t\t\t<div class=\"elementor-widget-container\">\n\t\t\t<h2 class=\"elementor-heading-title elementor-size-default\"><h2 class=\"ca-h2-underline  responsive-act-h2-titre\">Recherchez un club proche de chez vous<\/h2><\/h2>\t\t<\/div>\n\t\t\t\t<\/div>\n\t\t\t\t\t<\/div>\n\t\t<\/div>\n\t\t\t\t\t<\/div>\n\t\t<\/section>\n\t\t\t\t<section class=\"elementor-section elementor-top-section elementor-element elementor-element-feba8f0 elementor-section-boxed elementor-section-height-default elementor-section-height-default\" data-id=\"feba8f0\" data-element_type=\"section\">\n\t\t\t\t\t\t<div class=\"elementor-container elementor-column-gap-default\">\n\t\t\t\t\t<div class=\"elementor-column elementor-col-100 elementor-top-column elementor-element elementor-element-6be624f\" data-id=\"6be624f\" data-element_type=\"column\" data-settings=\"{&quot;background_background&quot;:&quot;classic&quot;}\">\n\t\t\t<div class=\"elementor-widget-wrap elementor-element-populated\">\n\t\t\t\t\t\t<section class=\"elementor-section elementor-inner-section elementor-element elementor-element-0f5a73b elementor-section-boxed elementor-section-height-default elementor-section-height-default\" data-id=\"0f5a73b\" data-element_type=\"section\">\n\t\t\t\t\t\t<div class=\"elementor-container elementor-column-gap-default\">\n\t\t\t\t\t<div class=\"elementor-column elementor-col-33 elementor-inner-column elementor-element elementor-element-63aa0ba\" data-id=\"63aa0ba\" data-element_type=\"column\">\n\t\t\t<div class=\"elementor-widget-wrap elementor-element-populated\">\n\t\t\t\t\t\t<div class=\"elementor-element elementor-element-0c0eb8d elementor-icon-list--layout-traditional elementor-list-item-link-full_width elementor-widget elementor-widget-icon-list\" data-id=\"0c0eb8d\" data-element_type=\"widget\" data-widget_type=\"icon-list.default\">\n\t\t\t\t<div class=\"elementor-widget-container\">\n\t\t\t\t\t<ul class=\"elementor-icon-list-items\">\n\t\t\t\t\t\t\t<li class=\"elementor-icon-list-item\">\n\t\t\t\t\t\t\t\t\t\t\t<a href=\"http:\/\/comite06ffrs.fr\/?page_id=28\">\n\n\t\t\t\t\t\t\t\t\t\t\t\t<span class=\"elementor-icon-list-icon\">\n\t\t\t\t\t\t\t<i aria-hidden=\"true\" class=\"fas fa-circle\"><\/i>\t\t\t\t\t\t<\/span>\n\t\t\t\t\t\t\t\t\t\t<span class=\"elementor-icon-list-text\">Carros<\/span>\n\t\t\t\t\t\t\t\t\t\t\t<\/a>\n\t\t\t\t\t\t\t\t\t<\/li>\n\t\t\t\t\t\t\t\t<li class=\"elementor-icon-list-item\">\n\t\t\t\t\t\t\t\t\t\t\t<a href=\"http:\/\/comite06ffrs.fr\/\/?page_id=50\">\n\n\t\t\t\t\t\t\t\t\t\t\t\t<span class=\"elementor-icon-list-icon\">\n\t\t\t\t\t\t\t<i aria-hidden=\"true\" class=\"fas fa-circle\"><\/i>\t\t\t\t\t\t<\/span>\n\t\t\t\t\t\t\t\t\t\t<span class=\"elementor-icon-list-text\">Menton<\/span>\n\t\t\t\t\t\t\t\t\t\t\t<\/a>\n\t\t\t\t\t\t\t\t\t<\/li>\n\t\t\t\t\t\t<\/ul>\n\t\t\t\t<\/div>\n\t\t\t\t<\/div>\n\t\t\t\t\t<\/div>\n\t\t<\/div>\n\t\t\t\t<div class=\"elementor-column elementor-col-33 elementor-inner-column elementor-element elementor-element-e78b586\" data-id=\"e78b586\" data-element_type=\"column\">\n\t\t\t<div class=\"elementor-widget-wrap elementor-element-populated\">\n\t\t\t\t\t\t<div class=\"elementor-element elementor-element-94b8ab2 elementor-widget elementor-widget-image\" data-id=\"94b8ab2\" data-element_type=\"widget\" data-widget_type=\"image.default\">\n\t\t\t\t<div class=\"elementor-widget-container\">\n\t\t\t\t\t\t\t\t\t\t\t\t\t<img decoding=\"async\" width=\"300\" height=\"200\" src=\"http:\/\/comite06ffrs.fr\/wp-content\/uploads\/2024\/08\/empty_3x2.png\" class=\"attachment-large size-large wp-image-2188\" alt=\"empty picture 300x200\" \/>\t\t\t\t\t\t\t\t\t\t\t\t\t<\/div>\n\t\t\t\t<\/div>\n\t\t\t\t\t<\/div>\n\t\t<\/div>\n\t\t\t\t<div class=\"elementor-column elementor-col-33 elementor-inner-column elementor-element elementor-element-36b8384\" data-id=\"36b8384\" data-element_type=\"column\">\n\t\t\t<div class=\"elementor-widget-wrap elementor-element-populated\">\n\t\t\t\t\t\t<div class=\"elementor-element elementor-element-6ada021 elementor-widget elementor-widget-image\" data-id=\"6ada021\" data-element_type=\"widget\" data-widget_type=\"image.default\">\n\t\t\t\t<div class=\"elementor-widget-container\">\n\t\t\t\t\t\t\t\t\t\t\t\t\t<img decoding=\"async\" width=\"300\" height=\"200\" src=\"http:\/\/comite06ffrs.fr\/wp-content\/uploads\/2024\/08\/empty_3x2.png\" class=\"attachment-large size-large wp-image-2188\" alt=\"empty picture 300x200\" \/>\t\t\t\t\t\t\t\t\t\t\t\t\t<\/div>\n\t\t\t\t<\/div>\n\t\t\t\t\t<\/div>\n\t\t<\/div>\n\t\t\t\t\t<\/div>\n\t\t<\/section>\n\t\t\t\t\t<\/div>\n\t\t<\/div>\n\t\t\t\t\t<\/div>\n\t\t<\/section>\n\t\t\t\t<\/div>\n\t\t","protected":false},"excerpt":{"rendered":"<p>Activ&rsquo;M\u00e9moire L\u2019Activ\u2019m\u00e9moire est compos\u00e9 d\u2019exercices \u00e0 la fois r\u00e9flexifs et physiques, vari\u00e9s et ludiques. Ils sont r\u00e9alis\u00e9s individuellement ou collectivement, et permettent de stimuler les fonctions cognitives de chacun ; l\u2019activit\u00e9 permet \u00e9galement de cr\u00e9er des situations de partage et d\u2019\u00e9changes entre les participants. Les s\u00e9ances d\u2019une dur\u00e9e moyenne d\u2019une heure, sont accessibles \u00e0 tous [&hellip;]<\/p>\n","protected":false},"author":1,"featured_media":0,"parent":0,"menu_order":0,"comment_status":"closed","ping_status":"closed","template":"","meta":{"ocean_post_layout":"","ocean_both_sidebars_style":"","ocean_both_sidebars_content_width":0,"ocean_both_sidebars_sidebars_width":0,"ocean_sidebar":"0","ocean_second_sidebar":"0","ocean_disable_margins":"enable","ocean_add_body_class":"","ocean_shortcode_before_top_bar":"","ocean_shortcode_after_top_bar":"","ocean_shortcode_before_header":"","ocean_shortcode_after_header":"","ocean_has_shortcode":"","ocean_shortcode_after_title":"","ocean_shortcode_before_footer_widgets":"","ocean_shortcode_after_footer_widgets":"","ocean_shortcode_before_footer_bottom":"","ocean_shortcode_after_footer_bottom":"","ocean_display_top_bar":"default","ocean_display_header":"default","ocean_header_style":"","ocean_center_header_left_menu":"0","ocean_custom_header_template":"0","ocean_custom_logo":0,"ocean_custom_retina_logo":0,"ocean_custom_logo_max_width":0,"ocean_custom_logo_tablet_max_width":0,"ocean_custom_logo_mobile_max_width":0,"ocean_custom_logo_max_height":0,"ocean_custom_logo_tablet_max_height":0,"ocean_custom_logo_mobile_max_height":0,"ocean_header_custom_menu":"0","ocean_menu_typo_font_family":"0","ocean_menu_typo_font_subset":"","ocean_menu_typo_font_size":0,"ocean_menu_typo_font_size_tablet":0,"ocean_menu_typo_font_size_mobile":0,"ocean_menu_typo_font_size_unit":"px","ocean_menu_typo_font_weight":"","ocean_menu_typo_font_weight_tablet":"","ocean_menu_typo_font_weight_mobile":"","ocean_menu_typo_transform":"","ocean_menu_typo_transform_tablet":"","ocean_menu_typo_transform_mobile":"","ocean_menu_typo_line_height":0,"ocean_menu_typo_line_height_tablet":0,"ocean_menu_typo_line_height_mobile":0,"ocean_menu_typo_line_height_unit":"","ocean_menu_typo_spacing":0,"ocean_menu_typo_spacing_tablet":0,"ocean_menu_typo_spacing_mobile":0,"ocean_menu_typo_spacing_unit":"","ocean_menu_link_color":"","ocean_menu_link_color_hover":"","ocean_menu_link_color_active":"","ocean_menu_link_background":"","ocean_menu_link_hover_background":"","ocean_menu_link_active_background":"","ocean_menu_social_links_bg":"","ocean_menu_social_hover_links_bg":"","ocean_menu_social_links_color":"","ocean_menu_social_hover_links_color":"","ocean_disable_title":"default","ocean_disable_heading":"default","ocean_post_title":"","ocean_post_subheading":"","ocean_post_title_style":"","ocean_post_title_background_color":"","ocean_post_title_background":0,"ocean_post_title_bg_image_position":"","ocean_post_title_bg_image_attachment":"","ocean_post_title_bg_image_repeat":"","ocean_post_title_bg_image_size":"","ocean_post_title_height":0,"ocean_post_title_bg_overlay":0.5,"ocean_post_title_bg_overlay_color":"","ocean_disable_breadcrumbs":"default","ocean_breadcrumbs_color":"","ocean_breadcrumbs_separator_color":"","ocean_breadcrumbs_links_color":"","ocean_breadcrumbs_links_hover_color":"","ocean_display_footer_widgets":"default","ocean_display_footer_bottom":"default","ocean_custom_footer_template":"0","footnotes":""},"class_list":["post-46","page","type-page","status-publish","hentry","entry"],"yoast_head":"<!-- This site is optimized with the Yoast SEO plugin v23.3 - https:\/\/yoast.com\/wordpress\/plugins\/seo\/ -->\n<title>M\u00e9moire - Comit\u00e9 06 de la FFRS<\/title>\n<meta name=\"robots\" content=\"noindex, follow, max-snippet:-1, max-image-preview:large, max-video-preview:-1\" \/>\n<meta property=\"og:locale\" content=\"fr_FR\" \/>\n<meta property=\"og:type\" content=\"article\" \/>\n<meta property=\"og:title\" content=\"M\u00e9moire - Comit\u00e9 06 de la FFRS\" \/>\n<meta property=\"og:description\" content=\"Activ&rsquo;M\u00e9moire L\u2019Activ\u2019m\u00e9moire est compos\u00e9 d\u2019exercices \u00e0 la fois r\u00e9flexifs et physiques, vari\u00e9s et ludiques. Ils sont r\u00e9alis\u00e9s individuellement ou collectivement, et permettent de stimuler les fonctions cognitives de chacun ; l\u2019activit\u00e9 permet \u00e9galement de cr\u00e9er des situations de partage et d\u2019\u00e9changes entre les participants. Les s\u00e9ances d\u2019une dur\u00e9e moyenne d\u2019une heure, sont accessibles \u00e0 tous [&hellip;]\" \/>\n<meta property=\"og:url\" content=\"http:\/\/comite06ffrs.fr\/?page_id=46\" \/>\n<meta property=\"og:site_name\" content=\"Comit\u00e9 06 de la FFRS\" \/>\n<meta property=\"article:modified_time\" content=\"2024-08-26T08:56:51+00:00\" \/>\n<meta property=\"og:image\" content=\"http:\/\/comite06ffrs.fr\/wp-content\/uploads\/Logos\/LOGO-06_300x300.png\" \/>\n<meta name=\"twitter:card\" content=\"summary_large_image\" \/>\n<meta name=\"twitter:label1\" content=\"Dur\u00e9e de lecture estim\u00e9e\" \/>\n\t<meta name=\"twitter:data1\" content=\"2 minutes\" \/>\n<script type=\"application\/ld+json\" class=\"yoast-schema-graph\">{\"@context\":\"https:\/\/schema.org\",\"@graph\":[{\"@type\":\"WebPage\",\"@id\":\"http:\/\/comite06ffrs.fr\/?page_id=46\",\"url\":\"http:\/\/comite06ffrs.fr\/?page_id=46\",\"name\":\"M\u00e9moire - Comit\u00e9 06 de la FFRS\",\"isPartOf\":{\"@id\":\"http:\/\/comite06ffrs.fr\/#website\"},\"primaryImageOfPage\":{\"@id\":\"http:\/\/comite06ffrs.fr\/?page_id=46#primaryimage\"},\"image\":{\"@id\":\"http:\/\/comite06ffrs.fr\/?page_id=46#primaryimage\"},\"thumbnailUrl\":\"http:\/\/comite06ffrs.fr\/wp-content\/uploads\/Logos\/LOGO-06_300x300.png\",\"datePublished\":\"2021-05-01T08:56:00+00:00\",\"dateModified\":\"2024-08-26T08:56:51+00:00\",\"breadcrumb\":{\"@id\":\"http:\/\/comite06ffrs.fr\/?page_id=46#breadcrumb\"},\"inLanguage\":\"fr-FR\",\"potentialAction\":[{\"@type\":\"ReadAction\",\"target\":[\"http:\/\/comite06ffrs.fr\/?page_id=46\"]}]},{\"@type\":\"ImageObject\",\"inLanguage\":\"fr-FR\",\"@id\":\"http:\/\/comite06ffrs.fr\/?page_id=46#primaryimage\",\"url\":\"http:\/\/comite06ffrs.fr\/wp-content\/uploads\/Logos\/LOGO-06_300x300.png\",\"contentUrl\":\"http:\/\/comite06ffrs.fr\/wp-content\/uploads\/Logos\/LOGO-06_300x300.png\",\"width\":300,\"height\":300,\"caption\":\"Logo Retraite Sportive\"},{\"@type\":\"BreadcrumbList\",\"@id\":\"http:\/\/comite06ffrs.fr\/?page_id=46#breadcrumb\",\"itemListElement\":[{\"@type\":\"ListItem\",\"position\":1,\"name\":\"Accueil\",\"item\":\"http:\/\/comite06ffrs.fr\/\"},{\"@type\":\"ListItem\",\"position\":2,\"name\":\"M\u00e9moire\"}]},{\"@type\":\"WebSite\",\"@id\":\"http:\/\/comite06ffrs.fr\/#website\",\"url\":\"http:\/\/comite06ffrs.fr\/\",\"name\":\"Comit\u00e9 06 de la FFRS\",\"description\":\"Le sport, la sant\u00e9 des Seniors\",\"potentialAction\":[{\"@type\":\"SearchAction\",\"target\":{\"@type\":\"EntryPoint\",\"urlTemplate\":\"http:\/\/comite06ffrs.fr\/?s={search_term_string}\"},\"query-input\":\"required name=search_term_string\"}],\"inLanguage\":\"fr-FR\"}]}<\/script>\n<!-- \/ Yoast SEO plugin. -->","yoast_head_json":{"title":"M\u00e9moire - Comit\u00e9 06 de la FFRS","robots":{"index":"noindex","follow":"follow","max-snippet":"max-snippet:-1","max-image-preview":"max-image-preview:large","max-video-preview":"max-video-preview:-1"},"og_locale":"fr_FR","og_type":"article","og_title":"M\u00e9moire - Comit\u00e9 06 de la FFRS","og_description":"Activ&rsquo;M\u00e9moire L\u2019Activ\u2019m\u00e9moire est compos\u00e9 d\u2019exercices \u00e0 la fois r\u00e9flexifs et physiques, vari\u00e9s et ludiques. Ils sont r\u00e9alis\u00e9s individuellement ou collectivement, et permettent de stimuler les fonctions cognitives de chacun ; l\u2019activit\u00e9 permet \u00e9galement de cr\u00e9er des situations de partage et d\u2019\u00e9changes entre les participants. Les s\u00e9ances d\u2019une dur\u00e9e moyenne d\u2019une heure, sont accessibles \u00e0 tous [&hellip;]","og_url":"http:\/\/comite06ffrs.fr\/?page_id=46","og_site_name":"Comit\u00e9 06 de la FFRS","article_modified_time":"2024-08-26T08:56:51+00:00","og_image":[{"url":"http:\/\/comite06ffrs.fr\/wp-content\/uploads\/Logos\/LOGO-06_300x300.png"}],"twitter_card":"summary_large_image","twitter_misc":{"Dur\u00e9e de lecture estim\u00e9e":"2 minutes"},"schema":{"@context":"https:\/\/schema.org","@graph":[{"@type":"WebPage","@id":"http:\/\/comite06ffrs.fr\/?page_id=46","url":"http:\/\/comite06ffrs.fr\/?page_id=46","name":"M\u00e9moire - Comit\u00e9 06 de la FFRS","isPartOf":{"@id":"http:\/\/comite06ffrs.fr\/#website"},"primaryImageOfPage":{"@id":"http:\/\/comite06ffrs.fr\/?page_id=46#primaryimage"},"image":{"@id":"http:\/\/comite06ffrs.fr\/?page_id=46#primaryimage"},"thumbnailUrl":"http:\/\/comite06ffrs.fr\/wp-content\/uploads\/Logos\/LOGO-06_300x300.png","datePublished":"2021-05-01T08:56:00+00:00","dateModified":"2024-08-26T08:56:51+00:00","breadcrumb":{"@id":"http:\/\/comite06ffrs.fr\/?page_id=46#breadcrumb"},"inLanguage":"fr-FR","potentialAction":[{"@type":"ReadAction","target":["http:\/\/comite06ffrs.fr\/?page_id=46"]}]},{"@type":"ImageObject","inLanguage":"fr-FR","@id":"http:\/\/comite06ffrs.fr\/?page_id=46#primaryimage","url":"http:\/\/comite06ffrs.fr\/wp-content\/uploads\/Logos\/LOGO-06_300x300.png","contentUrl":"http:\/\/comite06ffrs.fr\/wp-content\/uploads\/Logos\/LOGO-06_300x300.png","width":300,"height":300,"caption":"Logo Retraite Sportive"},{"@type":"BreadcrumbList","@id":"http:\/\/comite06ffrs.fr\/?page_id=46#breadcrumb","itemListElement":[{"@type":"ListItem","position":1,"name":"Accueil","item":"http:\/\/comite06ffrs.fr\/"},{"@type":"ListItem","position":2,"name":"M\u00e9moire"}]},{"@type":"WebSite","@id":"http:\/\/comite06ffrs.fr\/#website","url":"http:\/\/comite06ffrs.fr\/","name":"Comit\u00e9 06 de la FFRS","description":"Le sport, la sant\u00e9 des Seniors","potentialAction":[{"@type":"SearchAction","target":{"@type":"EntryPoint","urlTemplate":"http:\/\/comite06ffrs.fr\/?s={search_term_string}"},"query-input":"required name=search_term_string"}],"inLanguage":"fr-FR"}]}},"_links":{"self":[{"href":"http:\/\/comite06ffrs.fr\/index.php?rest_route=\/wp\/v2\/pages\/46","targetHints":{"allow":["GET"]}}],"collection":[{"href":"http:\/\/comite06ffrs.fr\/index.php?rest_route=\/wp\/v2\/pages"}],"about":[{"href":"http:\/\/comite06ffrs.fr\/index.php?rest_route=\/wp\/v2\/types\/page"}],"author":[{"embeddable":true,"href":"http:\/\/comite06ffrs.fr\/index.php?rest_route=\/wp\/v2\/users\/1"}],"replies":[{"embeddable":true,"href":"http:\/\/comite06ffrs.fr\/index.php?rest_route=%2Fwp%2Fv2%2Fcomments&post=46"}],"version-history":[{"count":34,"href":"http:\/\/comite06ffrs.fr\/index.php?rest_route=\/wp\/v2\/pages\/46\/revisions"}],"predecessor-version":[{"id":2212,"href":"http:\/\/comite06ffrs.fr\/index.php?rest_route=\/wp\/v2\/pages\/46\/revisions\/2212"}],"wp:attachment":[{"href":"http:\/\/comite06ffrs.fr\/index.php?rest_route=%2Fwp%2Fv2%2Fmedia&parent=46"}],"curies":[{"name":"wp","href":"https:\/\/api.w.org\/{rel}","templated":true}]}}