{"id":66,"date":"2021-05-01T11:02:00","date_gmt":"2021-05-01T09:02:00","guid":{"rendered":"http:\/\/comite06ffrs.fr\/?page_id=66"},"modified":"2022-10-12T10:26:51","modified_gmt":"2022-10-12T08:26:51","slug":"tai-chi","status":"publish","type":"page","link":"http:\/\/comite06ffrs.fr\/?page_id=66","title":{"rendered":"Tai Chi"},"content":{"rendered":"\t\t<div data-elementor-type=\"wp-page\" data-elementor-id=\"66\" class=\"elementor elementor-66\">\n\t\t\t\t\t\t<section class=\"elementor-section elementor-top-section elementor-element elementor-element-7e6cdca2 elementor-section-content-middle elementor-section-boxed elementor-section-height-default elementor-section-height-default\" data-id=\"7e6cdca2\" data-element_type=\"section\" data-settings=\"{&quot;background_background&quot;:&quot;classic&quot;}\">\n\t\t\t\t\t\t<div class=\"elementor-container elementor-column-gap-default\">\n\t\t\t\t\t<div class=\"elementor-column elementor-col-100 elementor-top-column elementor-element elementor-element-68d79274\" data-id=\"68d79274\" data-element_type=\"column\">\n\t\t\t<div class=\"elementor-widget-wrap elementor-element-populated\">\n\t\t\t\t\t\t<div class=\"elementor-element elementor-element-5fb78998 elementor-widget elementor-widget-text-editor\" data-id=\"5fb78998\" data-element_type=\"widget\" data-widget_type=\"text-editor.default\">\n\t\t\t\t<div class=\"elementor-widget-container\">\n\t\t\t\t\t\t\t<div class=\"flex-container-centered\">\n<div class=\"responsive-flex-header-container\"><img decoding=\"async\" src=\"http:\/\/comite06ffrs.fr\/wp-content\/uploads\/Logos\/LOGO-06_300x300.png\" alt=\"Logo Retraite Sportive\" \/>\n<div class=\"responsive-block-width-element\"><\/div>\n<div class=\"responsive-block-text-element\">\n<div class=\"block-text responsive-bs-h2-titre\">Ta\u00ef Chi<\/div>\n<\/div>\n<\/div>\n<\/div>\t\t\t\t\t\t<\/div>\n\t\t\t\t<\/div>\n\t\t\t\t\t<\/div>\n\t\t<\/div>\n\t\t\t\t\t<\/div>\n\t\t<\/section>\n\t\t\t\t<section class=\"elementor-section elementor-top-section elementor-element elementor-element-5e9ad69 elementor-section-content-middle elementor-section-boxed elementor-section-height-default elementor-section-height-default\" data-id=\"5e9ad69\" data-element_type=\"section\" data-settings=\"{&quot;background_background&quot;:&quot;classic&quot;}\">\n\t\t\t\t\t\t<div class=\"elementor-container elementor-column-gap-default\">\n\t\t\t\t\t<div class=\"elementor-column elementor-col-50 elementor-top-column elementor-element elementor-element-21cb3c40\" data-id=\"21cb3c40\" data-element_type=\"column\">\n\t\t\t<div class=\"elementor-widget-wrap elementor-element-populated\">\n\t\t\t\t\t\t<div class=\"elementor-element elementor-element-458cb8b2 elementor-widget elementor-widget-image\" data-id=\"458cb8b2\" data-element_type=\"widget\" data-widget_type=\"image.default\">\n\t\t\t\t<div class=\"elementor-widget-container\">\n\t\t\t\t\t\t\t\t\t\t\t\t\t<img fetchpriority=\"high\" decoding=\"async\" width=\"300\" height=\"300\" src=\"http:\/\/comite06ffrs.fr\/wp-content\/uploads\/pictos\/picto_tai_chi-300x300.png\" class=\"attachment-medium size-medium wp-image-373\" alt=\"pictogramme Ta\u00ef-Chi\" srcset=\"http:\/\/comite06ffrs.fr\/wp-content\/uploads\/pictos\/picto_tai_chi.png 300w, http:\/\/comite06ffrs.fr\/wp-content\/uploads\/pictos\/picto_tai_chi-150x150.png 150w\" sizes=\"(max-width: 300px) 100vw, 300px\" \/>\t\t\t\t\t\t\t\t\t\t\t\t\t<\/div>\n\t\t\t\t<\/div>\n\t\t\t\t\t<\/div>\n\t\t<\/div>\n\t\t\t\t<div class=\"elementor-column elementor-col-50 elementor-top-column elementor-element elementor-element-4f3f4a86\" data-id=\"4f3f4a86\" data-element_type=\"column\">\n\t\t\t<div class=\"elementor-widget-wrap elementor-element-populated\">\n\t\t\t\t\t\t<div class=\"elementor-element elementor-element-44632513 elementor-widget elementor-widget-text-editor\" data-id=\"44632513\" data-element_type=\"widget\" data-widget_type=\"text-editor.default\">\n\t\t\t\t<div class=\"elementor-widget-container\">\n\t\t\t\t\t\t\t<div class=\"responsive-act-para\">\nLe Ta\u00ef-Chi est une discipline corporelle d\u00e9riv\u00e9e des arts martiaux qui fait partie de la m\u00e9decine chinoise traditionnelle. <br>\nCette gymnastique \u00e9nerg\u00e9tique douce consiste \u00e0 r\u00e9aliser un ensemble de mouvements continus et circulaires ex\u00e9cut\u00e9s avec lenteur et pr\u00e9cision dans un ordre donn\u00e9. <br>\nTous les exercices sont r\u00e9alis\u00e9s en position verticale, certains sont ax\u00e9s sur une approche int\u00e9rieure et une prise de conscience de soi, d\u2019autres favorisent le d\u00e9veloppement de techniques et de souplesse corporelle. <br>\nLa s\u00e9ance est encadr\u00e9e par un \u00ab ma\u00eetre \u00bb qualifi\u00e9.\n<\/div>\n\t\t\t\t\t\t<\/div>\n\t\t\t\t<\/div>\n\t\t\t\t\t<\/div>\n\t\t<\/div>\n\t\t\t\t\t<\/div>\n\t\t<\/section>\n\t\t\t\t<section class=\"elementor-section elementor-top-section elementor-element elementor-element-7bc89d9c elementor-section-content-middle elementor-section-boxed elementor-section-height-default elementor-section-height-default\" data-id=\"7bc89d9c\" data-element_type=\"section\">\n\t\t\t\t\t\t<div class=\"elementor-container elementor-column-gap-default\">\n\t\t\t\t\t<div class=\"elementor-column elementor-col-100 elementor-top-column elementor-element elementor-element-18bd15e6\" data-id=\"18bd15e6\" data-element_type=\"column\">\n\t\t\t<div class=\"elementor-widget-wrap elementor-element-populated\">\n\t\t\t\t\t\t<div class=\"elementor-element elementor-element-724e1322 elementor-widget elementor-widget-text-editor\" data-id=\"724e1322\" data-element_type=\"widget\" data-widget_type=\"text-editor.default\">\n\t\t\t\t<div class=\"elementor-widget-container\">\n\t\t\t\t\t\t\t<h2 class=\"ca-h2-underline responsive-act-h2-titre\">L&rsquo;\u00e9quipement<\/h2>\t\t\t\t\t\t<\/div>\n\t\t\t\t<\/div>\n\t\t\t\t\t<\/div>\n\t\t<\/div>\n\t\t\t\t\t<\/div>\n\t\t<\/section>\n\t\t\t\t<section class=\"elementor-section elementor-top-section elementor-element elementor-element-141f2cce elementor-section-content-middle elementor-section-boxed elementor-section-height-default elementor-section-height-default\" data-id=\"141f2cce\" data-element_type=\"section\">\n\t\t\t\t\t\t<div class=\"elementor-container elementor-column-gap-default\">\n\t\t\t\t\t<div class=\"elementor-column elementor-col-100 elementor-top-column elementor-element elementor-element-483531c0\" data-id=\"483531c0\" data-element_type=\"column\">\n\t\t\t<div class=\"elementor-widget-wrap elementor-element-populated\">\n\t\t\t\t\t\t<div class=\"elementor-element elementor-element-519bae93 elementor-icon-list--layout-traditional elementor-list-item-link-full_width elementor-widget elementor-widget-icon-list\" data-id=\"519bae93\" data-element_type=\"widget\" data-widget_type=\"icon-list.default\">\n\t\t\t\t<div class=\"elementor-widget-container\">\n\t\t\t\t\t<ul class=\"elementor-icon-list-items\">\n\t\t\t\t\t\t\t<li class=\"elementor-icon-list-item\">\n\t\t\t\t\t\t\t\t\t\t\t<span class=\"elementor-icon-list-icon\">\n\t\t\t\t\t\t\t<i aria-hidden=\"true\" class=\"fas fa-circle\"><\/i>\t\t\t\t\t\t<\/span>\n\t\t\t\t\t\t\t\t\t\t<span class=\"elementor-icon-list-text\">des v\u00eatements amples et confortables<\/span>\n\t\t\t\t\t\t\t\t\t<\/li>\n\t\t\t\t\t\t<\/ul>\n\t\t\t\t<\/div>\n\t\t\t\t<\/div>\n\t\t\t\t\t<\/div>\n\t\t<\/div>\n\t\t\t\t\t<\/div>\n\t\t<\/section>\n\t\t\t\t<section class=\"elementor-section elementor-top-section elementor-element elementor-element-293d3099 elementor-section-content-middle elementor-section-boxed elementor-section-height-default elementor-section-height-default\" data-id=\"293d3099\" data-element_type=\"section\">\n\t\t\t\t\t\t<div class=\"elementor-container elementor-column-gap-default\">\n\t\t\t\t\t<div class=\"elementor-column elementor-col-100 elementor-top-column elementor-element elementor-element-307eaf73\" data-id=\"307eaf73\" data-element_type=\"column\">\n\t\t\t<div class=\"elementor-widget-wrap elementor-element-populated\">\n\t\t\t\t\t\t<section class=\"elementor-section elementor-inner-section elementor-element elementor-element-5cf30091 elementor-section-boxed elementor-section-height-default elementor-section-height-default\" data-id=\"5cf30091\" data-element_type=\"section\">\n\t\t\t\t\t\t<div class=\"elementor-container elementor-column-gap-default\">\n\t\t\t\t\t<div class=\"elementor-column elementor-col-50 elementor-inner-column elementor-element elementor-element-15251f42\" data-id=\"15251f42\" data-element_type=\"column\">\n\t\t\t<div class=\"elementor-widget-wrap elementor-element-populated\">\n\t\t\t\t\t\t<div class=\"elementor-element elementor-element-637b04d2 elementor-widget elementor-widget-image\" data-id=\"637b04d2\" data-element_type=\"widget\" data-widget_type=\"image.default\">\n\t\t\t\t<div class=\"elementor-widget-container\">\n\t\t\t\t\t\t\t\t\t\t<figure class=\"wp-caption\">\n\t\t\t\t\t\t\t\t\t\t<img decoding=\"async\" width=\"267\" height=\"200\" src=\"http:\/\/comite06ffrs.fr\/wp-content\/uploads\/2022\/07\/TC_1.jpg\" class=\"attachment-full size-full wp-image-1713\" alt=\"Ta\u00ef Chi 1\" \/>\t\t\t\t\t\t\t\t\t\t\t<figcaption class=\"widget-image-caption wp-caption-text\">&copy;FFRS Jean-Jacques KINET<\/figcaption>\n\t\t\t\t\t\t\t\t\t\t<\/figure>\n\t\t\t\t\t\t\t<\/div>\n\t\t\t\t<\/div>\n\t\t\t\t\t<\/div>\n\t\t<\/div>\n\t\t\t\t<div class=\"elementor-column elementor-col-50 elementor-inner-column elementor-element elementor-element-2d3c9502\" data-id=\"2d3c9502\" data-element_type=\"column\">\n\t\t\t<div class=\"elementor-widget-wrap elementor-element-populated\">\n\t\t\t\t\t\t<div class=\"elementor-element elementor-element-5224cdc1 elementor-widget elementor-widget-heading\" data-id=\"5224cdc1\" data-element_type=\"widget\" data-widget_type=\"heading.default\">\n\t\t\t\t<div class=\"elementor-widget-container\">\n\t\t\t<h2 class=\"elementor-heading-title elementor-size-default\"><h2 class=\"ca-h2-underline  responsive-act-h2-titre\">Les bienfaits du Ta\u00cf Chi<\/h2><\/h2>\t\t<\/div>\n\t\t\t\t<\/div>\n\t\t\t\t<div class=\"elementor-element elementor-element-4455f67d elementor-widget elementor-widget-text-editor\" data-id=\"4455f67d\" data-element_type=\"widget\" data-widget_type=\"text-editor.default\">\n\t\t\t\t<div class=\"elementor-widget-container\">\n\t\t\t\t\t\t\t<div class=\"responsive-act-para\">\nLe Ta\u00ef-Chi permet de prendre conscience des diff\u00e9rentes parties de son corps et de d\u00e9bloquer les tensions corporelles. \nC\u2019est une activit\u00e9 qui permet d\u2019am\u00e9liorer la coordination des mouvements et de la respiration, en d\u00e9veloppant la souplesse et l\u2019\u00e9quilibre corporels. <br>\nLe Ta\u00ef-Chi peut favoriser la reprise d\u2019une activit\u00e9 physique \u00e0 tout \u00e2ge, renforcer le corps et le mental en douceur et en profondeur, sans risque pour les articulations.<br>\nUne fois les techniques connues, vous pourrez pratiquer le Ta\u00ef-Chi n\u2019importe o\u00f9 (chez vous, en ext\u00e9rieur\u2026) et n\u2019importe quand.\n<\/div>\n\t\t\t\t\t\t<\/div>\n\t\t\t\t<\/div>\n\t\t\t\t\t<\/div>\n\t\t<\/div>\n\t\t\t\t\t<\/div>\n\t\t<\/section>\n\t\t\t\t\t<\/div>\n\t\t<\/div>\n\t\t\t\t\t<\/div>\n\t\t<\/section>\n\t\t\t\t<section class=\"elementor-section elementor-top-section elementor-element elementor-element-62fa2531 elementor-section-content-middle elementor-section-boxed elementor-section-height-default elementor-section-height-default\" data-id=\"62fa2531\" data-element_type=\"section\">\n\t\t\t\t\t\t<div class=\"elementor-container elementor-column-gap-default\">\n\t\t\t\t\t<div class=\"elementor-column elementor-col-100 elementor-top-column elementor-element elementor-element-74c8d868\" data-id=\"74c8d868\" data-element_type=\"column\">\n\t\t\t<div class=\"elementor-widget-wrap elementor-element-populated\">\n\t\t\t\t\t\t<div class=\"elementor-element elementor-element-7d9dca3f elementor-widget elementor-widget-heading\" data-id=\"7d9dca3f\" data-element_type=\"widget\" data-widget_type=\"heading.default\">\n\t\t\t\t<div class=\"elementor-widget-container\">\n\t\t\t<h2 class=\"elementor-heading-title elementor-size-default\"><h2 class=\"ca-h2-underline  responsive-act-h2-titre\">Recherchez un club proche de chez vous<\/h2><\/h2>\t\t<\/div>\n\t\t\t\t<\/div>\n\t\t\t\t\t<\/div>\n\t\t<\/div>\n\t\t\t\t\t<\/div>\n\t\t<\/section>\n\t\t\t\t<section class=\"elementor-section elementor-top-section elementor-element elementor-element-66d74c24 elementor-section-content-middle elementor-section-boxed elementor-section-height-default elementor-section-height-default\" data-id=\"66d74c24\" data-element_type=\"section\">\n\t\t\t\t\t\t<div class=\"elementor-container elementor-column-gap-default\">\n\t\t\t\t\t<div class=\"elementor-column elementor-col-100 elementor-top-column elementor-element elementor-element-3951043\" data-id=\"3951043\" data-element_type=\"column\" data-settings=\"{&quot;background_background&quot;:&quot;classic&quot;}\">\n\t\t\t<div class=\"elementor-widget-wrap elementor-element-populated\">\n\t\t\t\t\t\t<section class=\"elementor-section elementor-inner-section elementor-element elementor-element-2a3cc5ad elementor-section-boxed elementor-section-height-default elementor-section-height-default\" data-id=\"2a3cc5ad\" data-element_type=\"section\">\n\t\t\t\t\t\t<div class=\"elementor-container elementor-column-gap-default\">\n\t\t\t\t\t<div class=\"elementor-column elementor-col-33 elementor-inner-column elementor-element elementor-element-c12448f\" data-id=\"c12448f\" data-element_type=\"column\" data-settings=\"{&quot;background_background&quot;:&quot;classic&quot;}\">\n\t\t\t<div class=\"elementor-widget-wrap elementor-element-populated\">\n\t\t\t\t\t\t<div class=\"elementor-element elementor-element-12104140 elementor-icon-list--layout-traditional elementor-list-item-link-full_width elementor-widget elementor-widget-icon-list\" data-id=\"12104140\" data-element_type=\"widget\" data-widget_type=\"icon-list.default\">\n\t\t\t\t<div class=\"elementor-widget-container\">\n\t\t\t\t\t<ul class=\"elementor-icon-list-items\">\n\t\t\t\t\t\t\t<li class=\"elementor-icon-list-item\">\n\t\t\t\t\t\t\t\t\t\t\t<a href=\"http:\/\/comite06ffrs.fr\/?page_id=28\">\n\n\t\t\t\t\t\t\t\t\t\t\t\t<span class=\"elementor-icon-list-icon\">\n\t\t\t\t\t\t\t<i aria-hidden=\"true\" class=\"fas fa-circle\"><\/i>\t\t\t\t\t\t<\/span>\n\t\t\t\t\t\t\t\t\t\t<span class=\"elementor-icon-list-text\">Carros<\/span>\n\t\t\t\t\t\t\t\t\t\t\t<\/a>\n\t\t\t\t\t\t\t\t\t<\/li>\n\t\t\t\t\t\t<\/ul>\n\t\t\t\t<\/div>\n\t\t\t\t<\/div>\n\t\t\t\t\t<\/div>\n\t\t<\/div>\n\t\t\t\t<div class=\"elementor-column elementor-col-33 elementor-inner-column elementor-element elementor-element-7e85118b\" data-id=\"7e85118b\" data-element_type=\"column\">\n\t\t\t<div class=\"elementor-widget-wrap elementor-element-populated\">\n\t\t\t\t\t\t<div class=\"elementor-element elementor-element-1872bb1a elementor-widget elementor-widget-image\" data-id=\"1872bb1a\" data-element_type=\"widget\" data-widget_type=\"image.default\">\n\t\t\t\t<div class=\"elementor-widget-container\">\n\t\t\t\t\t\t\t\t\t\t<figure class=\"wp-caption\">\n\t\t\t\t\t\t\t\t\t\t<img decoding=\"async\" width=\"267\" height=\"200\" src=\"http:\/\/comite06ffrs.fr\/wp-content\/uploads\/2022\/07\/TC_2.jpg\" class=\"attachment-full size-full wp-image-1714\" alt=\"Ta\u00ef Chi 2\" \/>\t\t\t\t\t\t\t\t\t\t\t<figcaption class=\"widget-image-caption wp-caption-text\">&copy;FFRS Jean-Jacques KINET<\/figcaption>\n\t\t\t\t\t\t\t\t\t\t<\/figure>\n\t\t\t\t\t\t\t<\/div>\n\t\t\t\t<\/div>\n\t\t\t\t\t<\/div>\n\t\t<\/div>\n\t\t\t\t<div class=\"elementor-column elementor-col-33 elementor-inner-column elementor-element elementor-element-4648ea00\" data-id=\"4648ea00\" data-element_type=\"column\">\n\t\t\t<div class=\"elementor-widget-wrap elementor-element-populated\">\n\t\t\t\t\t\t<div class=\"elementor-element elementor-element-71ee11e7 elementor-widget elementor-widget-image\" data-id=\"71ee11e7\" data-element_type=\"widget\" data-widget_type=\"image.default\">\n\t\t\t\t<div class=\"elementor-widget-container\">\n\t\t\t\t\t\t\t\t\t\t<figure class=\"wp-caption\">\n\t\t\t\t\t\t\t\t\t\t<img loading=\"lazy\" decoding=\"async\" width=\"267\" height=\"200\" src=\"http:\/\/comite06ffrs.fr\/wp-content\/uploads\/2022\/07\/TC_3.jpg\" class=\"attachment-full size-full wp-image-1715\" alt=\"Ta\u00ef Chi 3\" \/>\t\t\t\t\t\t\t\t\t\t\t<figcaption class=\"widget-image-caption wp-caption-text\">&copy;FFRS Jean-Jacques KINET<\/figcaption>\n\t\t\t\t\t\t\t\t\t\t<\/figure>\n\t\t\t\t\t\t\t<\/div>\n\t\t\t\t<\/div>\n\t\t\t\t\t<\/div>\n\t\t<\/div>\n\t\t\t\t\t<\/div>\n\t\t<\/section>\n\t\t\t\t\t<\/div>\n\t\t<\/div>\n\t\t\t\t\t<\/div>\n\t\t<\/section>\n\t\t\t\t<\/div>\n\t\t","protected":false},"excerpt":{"rendered":"<p>Ta\u00ef Chi Le Ta\u00ef-Chi est une discipline corporelle d\u00e9riv\u00e9e des arts martiaux qui fait partie de la m\u00e9decine chinoise traditionnelle. Cette gymnastique \u00e9nerg\u00e9tique douce consiste \u00e0 r\u00e9aliser un ensemble de mouvements continus et circulaires ex\u00e9cut\u00e9s avec lenteur et pr\u00e9cision dans un ordre donn\u00e9. Tous les exercices sont r\u00e9alis\u00e9s en position verticale, certains sont ax\u00e9s sur [&hellip;]<\/p>\n","protected":false},"author":1,"featured_media":0,"parent":0,"menu_order":0,"comment_status":"closed","ping_status":"closed","template":"","meta":{"ocean_post_layout":"","ocean_both_sidebars_style":"","ocean_both_sidebars_content_width":0,"ocean_both_sidebars_sidebars_width":0,"ocean_sidebar":"0","ocean_second_sidebar":"0","ocean_disable_margins":"enable","ocean_add_body_class":"","ocean_shortcode_before_top_bar":"","ocean_shortcode_after_top_bar":"","ocean_shortcode_before_header":"","ocean_shortcode_after_header":"","ocean_has_shortcode":"","ocean_shortcode_after_title":"","ocean_shortcode_before_footer_widgets":"","ocean_shortcode_after_footer_widgets":"","ocean_shortcode_before_footer_bottom":"","ocean_shortcode_after_footer_bottom":"","ocean_display_top_bar":"default","ocean_display_header":"default","ocean_header_style":"","ocean_center_header_left_menu":"0","ocean_custom_header_template":"0","ocean_custom_logo":0,"ocean_custom_retina_logo":0,"ocean_custom_logo_max_width":0,"ocean_custom_logo_tablet_max_width":0,"ocean_custom_logo_mobile_max_width":0,"ocean_custom_logo_max_height":0,"ocean_custom_logo_tablet_max_height":0,"ocean_custom_logo_mobile_max_height":0,"ocean_header_custom_menu":"0","ocean_menu_typo_font_family":"0","ocean_menu_typo_font_subset":"","ocean_menu_typo_font_size":0,"ocean_menu_typo_font_size_tablet":0,"ocean_menu_typo_font_size_mobile":0,"ocean_menu_typo_font_size_unit":"px","ocean_menu_typo_font_weight":"","ocean_menu_typo_font_weight_tablet":"","ocean_menu_typo_font_weight_mobile":"","ocean_menu_typo_transform":"","ocean_menu_typo_transform_tablet":"","ocean_menu_typo_transform_mobile":"","ocean_menu_typo_line_height":0,"ocean_menu_typo_line_height_tablet":0,"ocean_menu_typo_line_height_mobile":0,"ocean_menu_typo_line_height_unit":"","ocean_menu_typo_spacing":0,"ocean_menu_typo_spacing_tablet":0,"ocean_menu_typo_spacing_mobile":0,"ocean_menu_typo_spacing_unit":"","ocean_menu_link_color":"","ocean_menu_link_color_hover":"","ocean_menu_link_color_active":"","ocean_menu_link_background":"","ocean_menu_link_hover_background":"","ocean_menu_link_active_background":"","ocean_menu_social_links_bg":"","ocean_menu_social_hover_links_bg":"","ocean_menu_social_links_color":"","ocean_menu_social_hover_links_color":"","ocean_disable_title":"default","ocean_disable_heading":"default","ocean_post_title":"","ocean_post_subheading":"","ocean_post_title_style":"","ocean_post_title_background_color":"","ocean_post_title_background":0,"ocean_post_title_bg_image_position":"","ocean_post_title_bg_image_attachment":"","ocean_post_title_bg_image_repeat":"","ocean_post_title_bg_image_size":"","ocean_post_title_height":0,"ocean_post_title_bg_overlay":0.5,"ocean_post_title_bg_overlay_color":"","ocean_disable_breadcrumbs":"default","ocean_breadcrumbs_color":"","ocean_breadcrumbs_separator_color":"","ocean_breadcrumbs_links_color":"","ocean_breadcrumbs_links_hover_color":"","ocean_display_footer_widgets":"default","ocean_display_footer_bottom":"default","ocean_custom_footer_template":"0","footnotes":""},"class_list":["post-66","page","type-page","status-publish","hentry","entry"],"yoast_head":"<!-- This site is optimized with the Yoast SEO plugin v23.3 - https:\/\/yoast.com\/wordpress\/plugins\/seo\/ -->\n<title>Tai Chi - Comit\u00e9 06 de la FFRS<\/title>\n<meta name=\"robots\" content=\"noindex, follow, max-snippet:-1, max-image-preview:large, max-video-preview:-1\" \/>\n<meta property=\"og:locale\" content=\"fr_FR\" \/>\n<meta property=\"og:type\" content=\"article\" \/>\n<meta property=\"og:title\" content=\"Tai Chi - Comit\u00e9 06 de la FFRS\" \/>\n<meta property=\"og:description\" content=\"Ta\u00ef Chi Le Ta\u00ef-Chi est une discipline corporelle d\u00e9riv\u00e9e des arts martiaux qui fait partie de la m\u00e9decine chinoise traditionnelle. Cette gymnastique \u00e9nerg\u00e9tique douce consiste \u00e0 r\u00e9aliser un ensemble de mouvements continus et circulaires ex\u00e9cut\u00e9s avec lenteur et pr\u00e9cision dans un ordre donn\u00e9. Tous les exercices sont r\u00e9alis\u00e9s en position verticale, certains sont ax\u00e9s sur [&hellip;]\" \/>\n<meta property=\"og:url\" content=\"http:\/\/comite06ffrs.fr\/?page_id=66\" \/>\n<meta property=\"og:site_name\" content=\"Comit\u00e9 06 de la FFRS\" \/>\n<meta property=\"article:modified_time\" content=\"2022-10-12T08:26:51+00:00\" \/>\n<meta property=\"og:image\" content=\"http:\/\/comite06ffrs.fr\/wp-content\/uploads\/Logos\/LOGO-06_300x300.png\" \/>\n<meta name=\"twitter:card\" content=\"summary_large_image\" \/>\n<meta name=\"twitter:label1\" content=\"Dur\u00e9e de lecture estim\u00e9e\" \/>\n\t<meta name=\"twitter:data1\" content=\"3 minutes\" \/>\n<script type=\"application\/ld+json\" class=\"yoast-schema-graph\">{\"@context\":\"https:\/\/schema.org\",\"@graph\":[{\"@type\":\"WebPage\",\"@id\":\"http:\/\/comite06ffrs.fr\/?page_id=66\",\"url\":\"http:\/\/comite06ffrs.fr\/?page_id=66\",\"name\":\"Tai Chi - Comit\u00e9 06 de la FFRS\",\"isPartOf\":{\"@id\":\"http:\/\/comite06ffrs.fr\/#website\"},\"primaryImageOfPage\":{\"@id\":\"http:\/\/comite06ffrs.fr\/?page_id=66#primaryimage\"},\"image\":{\"@id\":\"http:\/\/comite06ffrs.fr\/?page_id=66#primaryimage\"},\"thumbnailUrl\":\"http:\/\/comite06ffrs.fr\/wp-content\/uploads\/Logos\/LOGO-06_300x300.png\",\"datePublished\":\"2021-05-01T09:02:00+00:00\",\"dateModified\":\"2022-10-12T08:26:51+00:00\",\"breadcrumb\":{\"@id\":\"http:\/\/comite06ffrs.fr\/?page_id=66#breadcrumb\"},\"inLanguage\":\"fr-FR\",\"potentialAction\":[{\"@type\":\"ReadAction\",\"target\":[\"http:\/\/comite06ffrs.fr\/?page_id=66\"]}]},{\"@type\":\"ImageObject\",\"inLanguage\":\"fr-FR\",\"@id\":\"http:\/\/comite06ffrs.fr\/?page_id=66#primaryimage\",\"url\":\"http:\/\/comite06ffrs.fr\/wp-content\/uploads\/Logos\/LOGO-06_300x300.png\",\"contentUrl\":\"http:\/\/comite06ffrs.fr\/wp-content\/uploads\/Logos\/LOGO-06_300x300.png\",\"width\":300,\"height\":300,\"caption\":\"Logo Retraite Sportive\"},{\"@type\":\"BreadcrumbList\",\"@id\":\"http:\/\/comite06ffrs.fr\/?page_id=66#breadcrumb\",\"itemListElement\":[{\"@type\":\"ListItem\",\"position\":1,\"name\":\"Accueil\",\"item\":\"http:\/\/comite06ffrs.fr\/\"},{\"@type\":\"ListItem\",\"position\":2,\"name\":\"Tai Chi\"}]},{\"@type\":\"WebSite\",\"@id\":\"http:\/\/comite06ffrs.fr\/#website\",\"url\":\"http:\/\/comite06ffrs.fr\/\",\"name\":\"Comit\u00e9 06 de la FFRS\",\"description\":\"Le sport, la sant\u00e9 des Seniors\",\"potentialAction\":[{\"@type\":\"SearchAction\",\"target\":{\"@type\":\"EntryPoint\",\"urlTemplate\":\"http:\/\/comite06ffrs.fr\/?s={search_term_string}\"},\"query-input\":\"required name=search_term_string\"}],\"inLanguage\":\"fr-FR\"}]}<\/script>\n<!-- \/ Yoast SEO plugin. -->","yoast_head_json":{"title":"Tai Chi - Comit\u00e9 06 de la FFRS","robots":{"index":"noindex","follow":"follow","max-snippet":"max-snippet:-1","max-image-preview":"max-image-preview:large","max-video-preview":"max-video-preview:-1"},"og_locale":"fr_FR","og_type":"article","og_title":"Tai Chi - Comit\u00e9 06 de la FFRS","og_description":"Ta\u00ef Chi Le Ta\u00ef-Chi est une discipline corporelle d\u00e9riv\u00e9e des arts martiaux qui fait partie de la m\u00e9decine chinoise traditionnelle. Cette gymnastique \u00e9nerg\u00e9tique douce consiste \u00e0 r\u00e9aliser un ensemble de mouvements continus et circulaires ex\u00e9cut\u00e9s avec lenteur et pr\u00e9cision dans un ordre donn\u00e9. Tous les exercices sont r\u00e9alis\u00e9s en position verticale, certains sont ax\u00e9s sur [&hellip;]","og_url":"http:\/\/comite06ffrs.fr\/?page_id=66","og_site_name":"Comit\u00e9 06 de la FFRS","article_modified_time":"2022-10-12T08:26:51+00:00","og_image":[{"url":"http:\/\/comite06ffrs.fr\/wp-content\/uploads\/Logos\/LOGO-06_300x300.png"}],"twitter_card":"summary_large_image","twitter_misc":{"Dur\u00e9e de lecture estim\u00e9e":"3 minutes"},"schema":{"@context":"https:\/\/schema.org","@graph":[{"@type":"WebPage","@id":"http:\/\/comite06ffrs.fr\/?page_id=66","url":"http:\/\/comite06ffrs.fr\/?page_id=66","name":"Tai Chi - Comit\u00e9 06 de la FFRS","isPartOf":{"@id":"http:\/\/comite06ffrs.fr\/#website"},"primaryImageOfPage":{"@id":"http:\/\/comite06ffrs.fr\/?page_id=66#primaryimage"},"image":{"@id":"http:\/\/comite06ffrs.fr\/?page_id=66#primaryimage"},"thumbnailUrl":"http:\/\/comite06ffrs.fr\/wp-content\/uploads\/Logos\/LOGO-06_300x300.png","datePublished":"2021-05-01T09:02:00+00:00","dateModified":"2022-10-12T08:26:51+00:00","breadcrumb":{"@id":"http:\/\/comite06ffrs.fr\/?page_id=66#breadcrumb"},"inLanguage":"fr-FR","potentialAction":[{"@type":"ReadAction","target":["http:\/\/comite06ffrs.fr\/?page_id=66"]}]},{"@type":"ImageObject","inLanguage":"fr-FR","@id":"http:\/\/comite06ffrs.fr\/?page_id=66#primaryimage","url":"http:\/\/comite06ffrs.fr\/wp-content\/uploads\/Logos\/LOGO-06_300x300.png","contentUrl":"http:\/\/comite06ffrs.fr\/wp-content\/uploads\/Logos\/LOGO-06_300x300.png","width":300,"height":300,"caption":"Logo Retraite Sportive"},{"@type":"BreadcrumbList","@id":"http:\/\/comite06ffrs.fr\/?page_id=66#breadcrumb","itemListElement":[{"@type":"ListItem","position":1,"name":"Accueil","item":"http:\/\/comite06ffrs.fr\/"},{"@type":"ListItem","position":2,"name":"Tai Chi"}]},{"@type":"WebSite","@id":"http:\/\/comite06ffrs.fr\/#website","url":"http:\/\/comite06ffrs.fr\/","name":"Comit\u00e9 06 de la FFRS","description":"Le sport, la sant\u00e9 des Seniors","potentialAction":[{"@type":"SearchAction","target":{"@type":"EntryPoint","urlTemplate":"http:\/\/comite06ffrs.fr\/?s={search_term_string}"},"query-input":"required name=search_term_string"}],"inLanguage":"fr-FR"}]}},"_links":{"self":[{"href":"http:\/\/comite06ffrs.fr\/index.php?rest_route=\/wp\/v2\/pages\/66","targetHints":{"allow":["GET"]}}],"collection":[{"href":"http:\/\/comite06ffrs.fr\/index.php?rest_route=\/wp\/v2\/pages"}],"about":[{"href":"http:\/\/comite06ffrs.fr\/index.php?rest_route=\/wp\/v2\/types\/page"}],"author":[{"embeddable":true,"href":"http:\/\/comite06ffrs.fr\/index.php?rest_route=\/wp\/v2\/users\/1"}],"replies":[{"embeddable":true,"href":"http:\/\/comite06ffrs.fr\/index.php?rest_route=%2Fwp%2Fv2%2Fcomments&post=66"}],"version-history":[{"count":40,"href":"http:\/\/comite06ffrs.fr\/index.php?rest_route=\/wp\/v2\/pages\/66\/revisions"}],"predecessor-version":[{"id":1805,"href":"http:\/\/comite06ffrs.fr\/index.php?rest_route=\/wp\/v2\/pages\/66\/revisions\/1805"}],"wp:attachment":[{"href":"http:\/\/comite06ffrs.fr\/index.php?rest_route=%2Fwp%2Fv2%2Fmedia&parent=66"}],"curies":[{"name":"wp","href":"https:\/\/api.w.org\/{rel}","templated":true}]}}